{"id":688,"date":"2025-05-12T08:51:55","date_gmt":"2025-05-12T08:51:55","guid":{"rendered":"https:\/\/pkj.dk\/?page_id=688"},"modified":"2025-09-16T20:54:55","modified_gmt":"2025-09-16T20:54:55","slug":"jobsoegende","status":"publish","type":"page","link":"https:\/\/pkj.dk\/en\/jobsoegende\/","title":{"rendered":"Job seekers"},"content":{"rendered":"\t\t<div data-elementor-type=\"wp-page\" data-elementor-id=\"688\" class=\"elementor elementor-688\" data-elementor-post-type=\"page\">\n\t\t\t\t<div class=\"elementor-element elementor-element-0148f2b e-flex e-con-boxed e-con e-parent\" data-id=\"0148f2b\" data-element_type=\"container\" data-e-type=\"container\" data-settings=\"{&quot;background_background&quot;:&quot;classic&quot;}\">\n\t\t\t\t\t<div class=\"e-con-inner\">\n\t\t\t\t\t<\/div>\n\t\t\t\t<\/div>\n\t\t<div class=\"elementor-element elementor-element-d088817 e-flex e-con-boxed e-con e-parent\" data-id=\"d088817\" data-element_type=\"container\" data-e-type=\"container\">\n\t\t\t\t\t<div class=\"e-con-inner\">\n\t\t\t\t<div class=\"elementor-element elementor-element-0f1f8fa elementor-widget elementor-widget-heading\" data-id=\"0f1f8fa\" data-element_type=\"widget\" data-e-type=\"widget\" data-widget_type=\"heading.default\">\n\t\t\t\t\t<h2 class=\"elementor-heading-title elementor-size-default\">Se ledige stillinger hos P.K. Jeppesen<\/h2>\t\t\t\t<\/div>\n\t\t\t\t<div class=\"elementor-element elementor-element-61e6064 elementor-widget elementor-widget-text-editor\" data-id=\"61e6064\" data-element_type=\"widget\" data-e-type=\"widget\" data-widget_type=\"text-editor.default\">\n\t\t\t\t\t\t\t\t\t<p>Er du smed, maskinmester eller har en lignende teknisk baggrund \u2013 og motiveres du af nye udfordringer og faglig udvikling?<br \/>S\u00e5 er det m\u00e5ske dig, vi leder efter.<\/p><p>Vi er i gang med at udvide vores virksomhed og s\u00f8ger derfor dygtige, engagerede kolleger, der har lyst til at blive en del af et st\u00e6rkt team med h\u00f8jt fagligt niveau og god hold\u00e5nd.<\/p><p>Hos os f\u00e5r du mulighed for at arbejde med sp\u00e6ndende opgaver, moderne udstyr og kolleger, der br\u00e6nder for det, de laver.<\/p>\t\t\t\t\t\t\t\t<\/div>\n\t\t\t\t<div class=\"elementor-element elementor-element-8444edf elementor-grid-3 elementor-grid-tablet-2 elementor-grid-mobile-1 elementor-widget elementor-widget-loop-grid\" data-id=\"8444edf\" data-element_type=\"widget\" data-e-type=\"widget\" data-settings=\"{&quot;template_id&quot;:710,&quot;_skin&quot;:&quot;post&quot;,&quot;columns&quot;:&quot;3&quot;,&quot;columns_tablet&quot;:&quot;2&quot;,&quot;columns_mobile&quot;:&quot;1&quot;,&quot;edit_handle_selector&quot;:&quot;[data-elementor-type=\\&quot;loop-item\\&quot;]&quot;,&quot;row_gap&quot;:{&quot;unit&quot;:&quot;px&quot;,&quot;size&quot;:&quot;&quot;,&quot;sizes&quot;:[]},&quot;row_gap_widescreen&quot;:{&quot;unit&quot;:&quot;px&quot;,&quot;size&quot;:&quot;&quot;,&quot;sizes&quot;:[]},&quot;row_gap_laptop&quot;:{&quot;unit&quot;:&quot;px&quot;,&quot;size&quot;:&quot;&quot;,&quot;sizes&quot;:[]},&quot;row_gap_tablet&quot;:{&quot;unit&quot;:&quot;px&quot;,&quot;size&quot;:&quot;&quot;,&quot;sizes&quot;:[]},&quot;row_gap_mobile&quot;:{&quot;unit&quot;:&quot;px&quot;,&quot;size&quot;:&quot;&quot;,&quot;sizes&quot;:[]}}\" data-widget_type=\"loop-grid.post\">\n\t\t\t\t<div class=\"elementor-widget-container\">\n\t\t\t\t\t\t\t<div class=\"e-loop-nothing-found-message\">\n\t\t\t\t\t<span class=\"e-loop-nothing-found-message__text\">\n\t\t\t\tVi har pt. ingen \u00e5bne stillinger, men du er altid velkommen til at sende en uopfordret ans\u00f8gning til <a href=\"mailto:md@pkj.dk\">md@pkj.dk<\/a>.\n\t\t\t<\/span>\n\t\t\t<\/div>\n\t\t\t\t\t\t<\/div>\n\t\t\t\t<\/div>\n\t\t\t\t\t<\/div>\n\t\t\t\t<\/div>\n\t\t<div class=\"elementor-element elementor-element-4cf0d1d gullev-fallback e-flex e-con-boxed e-con e-parent\" data-id=\"4cf0d1d\" data-element_type=\"container\" data-e-type=\"container\">\n\t\t\t\t\t<div class=\"e-con-inner\">\n\t\t\t\t<div class=\"elementor-element elementor-element-48830e7 elementor-widget elementor-widget-text-editor\" data-id=\"48830e7\" data-element_type=\"widget\" data-e-type=\"widget\" data-widget_type=\"text-editor.default\">\n\t\t\t\t\t\t\t\t\t<p>Vi har pt ingen \u00e5bne stillinger, men du er altid velkommen til at sende en uopfordret ans\u00f8gning p\u00e5 md@pkj.dk<\/p>\t\t\t\t\t\t\t\t<\/div>\n\t\t\t\t<div class=\"elementor-element elementor-element-3db2949 elementor-widget elementor-widget-theme-site-logo elementor-widget-image\" data-id=\"3db2949\" data-element_type=\"widget\" data-e-type=\"widget\" data-widget_type=\"theme-site-logo.default\">\n\t\t\t\t\t\t\t\t\t\t\t<a href=\"https:\/\/pkj.dk\/en\">\n\t\t\t<img alt=\"\" decoding=\"async\" width=\"75\" height=\"93\" src=\"https:\/\/pkj.dk\/wp-content\/uploads\/2025\/01\/PKJ-Logo2-1.svg\" class=\"attachment-full size-full wp-image-268\" alt=\"\" \/>\t\t\t\t<\/a>\n\t\t\t\t\t\t\t\t\t\t\t<\/div>\n\t\t\t\t\t<\/div>\n\t\t\t\t<\/div>\n\t\t\t\t<\/div>\n\t\t","protected":false},"excerpt":{"rendered":"<p>Se ledige stillinger hos P.K. Jeppesen Er du smed, maskinmester eller har en lignende teknisk baggrund \u2013 og motiveres du af nye udfordringer og faglig udvikling?S\u00e5 er det m\u00e5ske dig, vi leder efter. Vi er i gang med at udvide vores virksomhed og s\u00f8ger derfor dygtige, engagerede kolleger, der har lyst til at blive en [&hellip;]<\/p>\n","protected":false},"author":1,"featured_media":0,"parent":0,"menu_order":1,"comment_status":"closed","ping_status":"closed","template":"","meta":{"_acf_changed":false,"_seopress_robots_primary_cat":"","_seopress_titles_title":"","_seopress_titles_desc":"","_seopress_robots_index":"","footnotes":""},"class_list":["post-688","page","type-page","status-publish","hentry"],"acf":[],"_links":{"self":[{"href":"https:\/\/pkj.dk\/en\/wp-json\/wp\/v2\/pages\/688","targetHints":{"allow":["GET"]}}],"collection":[{"href":"https:\/\/pkj.dk\/en\/wp-json\/wp\/v2\/pages"}],"about":[{"href":"https:\/\/pkj.dk\/en\/wp-json\/wp\/v2\/types\/page"}],"author":[{"embeddable":true,"href":"https:\/\/pkj.dk\/en\/wp-json\/wp\/v2\/users\/1"}],"replies":[{"embeddable":true,"href":"https:\/\/pkj.dk\/en\/wp-json\/wp\/v2\/comments?post=688"}],"version-history":[{"count":10,"href":"https:\/\/pkj.dk\/en\/wp-json\/wp\/v2\/pages\/688\/revisions"}],"predecessor-version":[{"id":2029,"href":"https:\/\/pkj.dk\/en\/wp-json\/wp\/v2\/pages\/688\/revisions\/2029"}],"wp:attachment":[{"href":"https:\/\/pkj.dk\/en\/wp-json\/wp\/v2\/media?parent=688"}],"curies":[{"name":"wp","href":"https:\/\/api.w.org\/{rel}","templated":true}]}}